{"id":379,"date":"2021-06-01T17:36:24","date_gmt":"2021-06-01T20:36:24","guid":{"rendered":"http:\/\/www.belavistapremoldados.com.br\/novosite\/?post_type=product&#038;p=379"},"modified":"2023-07-12T14:55:28","modified_gmt":"2023-07-12T17:55:28","slug":"chapeu-de-muro","status":"publish","type":"product","link":"https:\/\/belavistapremoldados.com.br\/novosite\/produto\/chapeu-de-muro\/","title":{"rendered":"Chap\u00e9u de Muro"},"content":{"rendered":"","protected":false},"excerpt":{"rendered":"<p>O chap\u00e9u de muro (ou pingadeira), \u00e9 aplicado no alto do muro, para evitar que a \u00e1gua escorra por ele e danifique a pintura.<\/p>\n<p>Observa\u00e7\u00e3o: As pe\u00e7as 19x03x100cm tem o acabamento reto na parte superior, e as pe\u00e7as <span style=\"font-size: 16px;\">27x03x05x100cm tem o centro mais alto, criando o efeito de &#8220;V&#8221; invertido. A pe\u00e7a de medida 40x50x07x03cm \u00e9 indicada para dar acabamento nas colunas.<\/span><\/p>\n","protected":false},"featured_media":2517,"template":"","meta":{"site-sidebar-layout":"default","site-content-layout":"default","ast-site-content-layout":"default","site-content-style":"default","site-sidebar-style":"default","ast-global-header-display":"","ast-banner-title-visibility":"","ast-main-header-display":"","ast-hfb-above-header-display":"","ast-hfb-below-header-display":"","ast-hfb-mobile-header-display":"","site-post-title":"","ast-breadcrumbs-content":"","ast-featured-img":"","footer-sml-layout":"","theme-transparent-header-meta":"default","adv-header-id-meta":"","stick-header-meta":"","header-above-stick-meta":"","header-main-stick-meta":"","header-below-stick-meta":"","astra-migrate-meta-layouts":"default","ast-page-background-enabled":"default","ast-page-background-meta":{"desktop":{"background-color":"","background-image":"","background-repeat":"repeat","background-position":"center center","background-size":"auto","background-attachment":"scroll","background-type":"","background-media":"","overlay-type":"","overlay-color":"","overlay-opacity":"","overlay-gradient":""},"tablet":{"background-color":"","background-image":"","background-repeat":"repeat","background-position":"center center","background-size":"auto","background-attachment":"scroll","background-type":"","background-media":"","overlay-type":"","overlay-color":"","overlay-opacity":"","overlay-gradient":""},"mobile":{"background-color":"","background-image":"","background-repeat":"repeat","background-position":"center center","background-size":"auto","background-attachment":"scroll","background-type":"","background-media":"","overlay-type":"","overlay-color":"","overlay-opacity":"","overlay-gradient":""}},"ast-content-background-meta":{"desktop":{"background-color":"var(--ast-global-color-5)","background-image":"","background-repeat":"repeat","background-position":"center center","background-size":"auto","background-attachment":"scroll","background-type":"","background-media":"","overlay-type":"","overlay-color":"","overlay-opacity":"","overlay-gradient":""},"tablet":{"background-color":"var(--ast-global-color-5)","background-image":"","background-repeat":"repeat","background-position":"center center","background-size":"auto","background-attachment":"scroll","background-type":"","background-media":"","overlay-type":"","overlay-color":"","overlay-opacity":"","overlay-gradient":""},"mobile":{"background-color":"var(--ast-global-color-5)","background-image":"","background-repeat":"repeat","background-position":"center center","background-size":"auto","background-attachment":"scroll","background-type":"","background-media":"","overlay-type":"","overlay-color":"","overlay-opacity":"","overlay-gradient":""}}},"product_brand":[],"product_cat":[22],"product_tag":[],"class_list":{"0":"post-379","1":"product","2":"type-product","3":"status-publish","4":"has-post-thumbnail","6":"product_cat-paisagismo","7":"desktop-align-left","8":"tablet-align-left","9":"mobile-align-left","11":"first","12":"instock","13":"shipping-taxable","14":"purchasable","15":"product-type-variable"},"_links":{"self":[{"href":"https:\/\/belavistapremoldados.com.br\/novosite\/wp-json\/wp\/v2\/product\/379","targetHints":{"allow":["GET"]}}],"collection":[{"href":"https:\/\/belavistapremoldados.com.br\/novosite\/wp-json\/wp\/v2\/product"}],"about":[{"href":"https:\/\/belavistapremoldados.com.br\/novosite\/wp-json\/wp\/v2\/types\/product"}],"wp:featuredmedia":[{"embeddable":true,"href":"https:\/\/belavistapremoldados.com.br\/novosite\/wp-json\/wp\/v2\/media\/2517"}],"wp:attachment":[{"href":"https:\/\/belavistapremoldados.com.br\/novosite\/wp-json\/wp\/v2\/media?parent=379"}],"wp:term":[{"taxonomy":"product_brand","embeddable":true,"href":"https:\/\/belavistapremoldados.com.br\/novosite\/wp-json\/wp\/v2\/product_brand?post=379"},{"taxonomy":"product_cat","embeddable":true,"href":"https:\/\/belavistapremoldados.com.br\/novosite\/wp-json\/wp\/v2\/product_cat?post=379"},{"taxonomy":"product_tag","embeddable":true,"href":"https:\/\/belavistapremoldados.com.br\/novosite\/wp-json\/wp\/v2\/product_tag?post=379"}],"curies":[{"name":"wp","href":"https:\/\/api.w.org\/{rel}","templated":true}]}}