{"id":327,"date":"2021-05-31T22:05:02","date_gmt":"2021-06-01T01:05:02","guid":{"rendered":"http:\/\/www.belavistapremoldados.com.br\/novosite\/?post_type=product&#038;p=327"},"modified":"2023-03-01T07:11:27","modified_gmt":"2023-03-01T10:11:27","slug":"bloquete","status":"publish","type":"product","link":"https:\/\/belavistapremoldados.com.br\/novosite\/produto\/bloquete\/","title":{"rendered":"Paver Bloquete (Sextavado)"},"content":{"rendered":"","protected":false},"excerpt":{"rendered":"<p>Piso de concreto intertravado, modelo Bloquete (ou Sextavado). Fabricado de acordo com a ABNT NBR 9781:2013.<br \/>\nIdeal para o cal\u00e7amento de pra\u00e7as, ruas, garagens, p\u00e1tios, dentre diversas outras \u00e1reas. O piso intertravado possui maior permeabilidade, em compara\u00e7\u00e3o \u00e0 concretagem convencional e o asfalto.<br \/>\nPermite o tr\u00e1fego de ve\u00edculos, desde carros de passeio at\u00e9 m\u00e1quinas pesadas e caminh\u00f5es, de acordo com as normas de aplica\u00e7\u00e3o e utiliza\u00e7\u00e3o.<\/p>\n<p>Dispon\u00edveis em altura 08cm.<br \/>\nResist\u00eancia 35 Mpa ou 50 Mpa.<br \/>\n<em>*Consultar disponibilidade de alturas e cores.<\/em><\/p>\n<p>Produto certificado pela ABCP \u2013 Associa\u00e7\u00e3o Brasileira de Cimento Portland.<\/p>\n<p><img decoding=\"async\" class=\"alignnone wp-image-1900 \" src=\"https:\/\/www.belavistapremoldados.com.br\/novosite\/wp-content\/uploads\/2021\/05\/SELO-ABCP-2022-163x300.jpg\" alt=\"\" width=\"97\" height=\"179\" srcset=\"https:\/\/belavistapremoldados.com.br\/novosite\/wp-content\/uploads\/2021\/05\/SELO-ABCP-2022-163x300.jpg 163w, https:\/\/belavistapremoldados.com.br\/novosite\/wp-content\/uploads\/2021\/05\/SELO-ABCP-2022-556x1024.jpg 556w, https:\/\/belavistapremoldados.com.br\/novosite\/wp-content\/uploads\/2021\/05\/SELO-ABCP-2022-300x552.jpg 300w, https:\/\/belavistapremoldados.com.br\/novosite\/wp-content\/uploads\/2021\/05\/SELO-ABCP-2022-450x829.jpg 450w, https:\/\/belavistapremoldados.com.br\/novosite\/wp-content\/uploads\/2021\/05\/SELO-ABCP-2022.jpg 593w\" sizes=\"(max-width: 97px) 100vw, 97px\" \/><\/p>\n","protected":false},"featured_media":1727,"template":"","meta":{"site-sidebar-layout":"default","site-content-layout":"default","ast-site-content-layout":"default","site-content-style":"default","site-sidebar-style":"default","ast-global-header-display":"","ast-banner-title-visibility":"","ast-main-header-display":"","ast-hfb-above-header-display":"","ast-hfb-below-header-display":"","ast-hfb-mobile-header-display":"","site-post-title":"","ast-breadcrumbs-content":"","ast-featured-img":"","footer-sml-layout":"","theme-transparent-header-meta":"default","adv-header-id-meta":"","stick-header-meta":"","header-above-stick-meta":"","header-main-stick-meta":"","header-below-stick-meta":"","astra-migrate-meta-layouts":"default","ast-page-background-enabled":"default","ast-page-background-meta":{"desktop":{"background-color":"","background-image":"","background-repeat":"repeat","background-position":"center center","background-size":"auto","background-attachment":"scroll","background-type":"","background-media":"","overlay-type":"","overlay-color":"","overlay-opacity":"","overlay-gradient":""},"tablet":{"background-color":"","background-image":"","background-repeat":"repeat","background-position":"center center","background-size":"auto","background-attachment":"scroll","background-type":"","background-media":"","overlay-type":"","overlay-color":"","overlay-opacity":"","overlay-gradient":""},"mobile":{"background-color":"","background-image":"","background-repeat":"repeat","background-position":"center center","background-size":"auto","background-attachment":"scroll","background-type":"","background-media":"","overlay-type":"","overlay-color":"","overlay-opacity":"","overlay-gradient":""}},"ast-content-background-meta":{"desktop":{"background-color":"var(--ast-global-color-5)","background-image":"","background-repeat":"repeat","background-position":"center center","background-size":"auto","background-attachment":"scroll","background-type":"","background-media":"","overlay-type":"","overlay-color":"","overlay-opacity":"","overlay-gradient":""},"tablet":{"background-color":"var(--ast-global-color-5)","background-image":"","background-repeat":"repeat","background-position":"center center","background-size":"auto","background-attachment":"scroll","background-type":"","background-media":"","overlay-type":"","overlay-color":"","overlay-opacity":"","overlay-gradient":""},"mobile":{"background-color":"var(--ast-global-color-5)","background-image":"","background-repeat":"repeat","background-position":"center center","background-size":"auto","background-attachment":"scroll","background-type":"","background-media":"","overlay-type":"","overlay-color":"","overlay-opacity":"","overlay-gradient":""}}},"product_brand":[],"product_cat":[20],"product_tag":[],"class_list":{"0":"post-327","1":"product","2":"type-product","3":"status-publish","4":"has-post-thumbnail","6":"product_cat-pavimentacao","7":"desktop-align-left","8":"tablet-align-left","9":"mobile-align-left","11":"first","12":"instock","13":"shipping-taxable","14":"purchasable","15":"product-type-variable","16":"has-default-attributes"},"_links":{"self":[{"href":"https:\/\/belavistapremoldados.com.br\/novosite\/wp-json\/wp\/v2\/product\/327","targetHints":{"allow":["GET"]}}],"collection":[{"href":"https:\/\/belavistapremoldados.com.br\/novosite\/wp-json\/wp\/v2\/product"}],"about":[{"href":"https:\/\/belavistapremoldados.com.br\/novosite\/wp-json\/wp\/v2\/types\/product"}],"wp:featuredmedia":[{"embeddable":true,"href":"https:\/\/belavistapremoldados.com.br\/novosite\/wp-json\/wp\/v2\/media\/1727"}],"wp:attachment":[{"href":"https:\/\/belavistapremoldados.com.br\/novosite\/wp-json\/wp\/v2\/media?parent=327"}],"wp:term":[{"taxonomy":"product_brand","embeddable":true,"href":"https:\/\/belavistapremoldados.com.br\/novosite\/wp-json\/wp\/v2\/product_brand?post=327"},{"taxonomy":"product_cat","embeddable":true,"href":"https:\/\/belavistapremoldados.com.br\/novosite\/wp-json\/wp\/v2\/product_cat?post=327"},{"taxonomy":"product_tag","embeddable":true,"href":"https:\/\/belavistapremoldados.com.br\/novosite\/wp-json\/wp\/v2\/product_tag?post=327"}],"curies":[{"name":"wp","href":"https:\/\/api.w.org\/{rel}","templated":true}]}}