{"id":3023,"date":"2025-04-02T08:37:26","date_gmt":"2025-04-02T11:37:26","guid":{"rendered":"https:\/\/www.belavistapremoldados.com.br\/?post_type=product&#038;p=3023"},"modified":"2025-04-02T08:58:03","modified_gmt":"2025-04-02T11:58:03","slug":"bloco-h-para-coluna","status":"publish","type":"product","link":"https:\/\/belavistapremoldados.com.br\/novosite\/produto\/bloco-h-para-coluna\/","title":{"rendered":"Bloco H para Coluna"},"content":{"rendered":"","protected":false},"excerpt":{"rendered":"<p>Bloco de concreto vazado tipo &#8220;H&#8221; para coluna.<\/p>\n<p>Com acabamento lateral que encaixa perfeitamente nos Blocos de Concreto Bela Vista Pr\u00e9-moldados, \u00e9 ideal para execu\u00e7\u00e3o de colunas de concreto, com arma\u00e7\u00e3o de ferro, dispensando o uso de madeiras e formas.<\/p>\n<p>Para paredes de largura 09cm, recomendado uso do Bloco H Coluna medida 14x19x39cm.<br \/>\nPara paredes de largura 14cm, recomendado uso do Bloco H Coluna medida 19x19x39cm.<\/p>\n","protected":false},"featured_media":3031,"template":"","meta":{"site-sidebar-layout":"default","site-content-layout":"","ast-site-content-layout":"default","site-content-style":"default","site-sidebar-style":"default","ast-global-header-display":"","ast-banner-title-visibility":"","ast-main-header-display":"","ast-hfb-above-header-display":"","ast-hfb-below-header-display":"","ast-hfb-mobile-header-display":"","site-post-title":"","ast-breadcrumbs-content":"","ast-featured-img":"","footer-sml-layout":"","theme-transparent-header-meta":"default","adv-header-id-meta":"","stick-header-meta":"","header-above-stick-meta":"","header-main-stick-meta":"","header-below-stick-meta":"","astra-migrate-meta-layouts":"set","ast-page-background-enabled":"default","ast-page-background-meta":{"desktop":{"background-color":"","background-image":"","background-repeat":"repeat","background-position":"center center","background-size":"auto","background-attachment":"scroll","background-type":"","background-media":"","overlay-type":"","overlay-color":"","overlay-opacity":"","overlay-gradient":""},"tablet":{"background-color":"","background-image":"","background-repeat":"repeat","background-position":"center center","background-size":"auto","background-attachment":"scroll","background-type":"","background-media":"","overlay-type":"","overlay-color":"","overlay-opacity":"","overlay-gradient":""},"mobile":{"background-color":"","background-image":"","background-repeat":"repeat","background-position":"center center","background-size":"auto","background-attachment":"scroll","background-type":"","background-media":"","overlay-type":"","overlay-color":"","overlay-opacity":"","overlay-gradient":""}},"ast-content-background-meta":{"desktop":{"background-color":"var(--ast-global-color-5)","background-image":"","background-repeat":"repeat","background-position":"center center","background-size":"auto","background-attachment":"scroll","background-type":"","background-media":"","overlay-type":"","overlay-color":"","overlay-opacity":"","overlay-gradient":""},"tablet":{"background-color":"var(--ast-global-color-5)","background-image":"","background-repeat":"repeat","background-position":"center center","background-size":"auto","background-attachment":"scroll","background-type":"","background-media":"","overlay-type":"","overlay-color":"","overlay-opacity":"","overlay-gradient":""},"mobile":{"background-color":"var(--ast-global-color-5)","background-image":"","background-repeat":"repeat","background-position":"center center","background-size":"auto","background-attachment":"scroll","background-type":"","background-media":"","overlay-type":"","overlay-color":"","overlay-opacity":"","overlay-gradient":""}}},"product_brand":[],"product_cat":[19],"product_tag":[],"class_list":{"0":"post-3023","1":"product","2":"type-product","3":"status-publish","4":"has-post-thumbnail","6":"product_cat-alvenaria","7":"desktop-align-left","8":"tablet-align-left","9":"mobile-align-left","11":"first","12":"instock","13":"shipping-taxable","14":"purchasable","15":"product-type-variable"},"_links":{"self":[{"href":"https:\/\/belavistapremoldados.com.br\/novosite\/wp-json\/wp\/v2\/product\/3023","targetHints":{"allow":["GET"]}}],"collection":[{"href":"https:\/\/belavistapremoldados.com.br\/novosite\/wp-json\/wp\/v2\/product"}],"about":[{"href":"https:\/\/belavistapremoldados.com.br\/novosite\/wp-json\/wp\/v2\/types\/product"}],"wp:featuredmedia":[{"embeddable":true,"href":"https:\/\/belavistapremoldados.com.br\/novosite\/wp-json\/wp\/v2\/media\/3031"}],"wp:attachment":[{"href":"https:\/\/belavistapremoldados.com.br\/novosite\/wp-json\/wp\/v2\/media?parent=3023"}],"wp:term":[{"taxonomy":"product_brand","embeddable":true,"href":"https:\/\/belavistapremoldados.com.br\/novosite\/wp-json\/wp\/v2\/product_brand?post=3023"},{"taxonomy":"product_cat","embeddable":true,"href":"https:\/\/belavistapremoldados.com.br\/novosite\/wp-json\/wp\/v2\/product_cat?post=3023"},{"taxonomy":"product_tag","embeddable":true,"href":"https:\/\/belavistapremoldados.com.br\/novosite\/wp-json\/wp\/v2\/product_tag?post=3023"}],"curies":[{"name":"wp","href":"https:\/\/api.w.org\/{rel}","templated":true}]}}