{"id":1991,"date":"2022-11-14T15:38:48","date_gmt":"2022-11-14T18:38:48","guid":{"rendered":"http:\/\/www.belavistapremoldados.com.br\/novosite\/?post_type=product&#038;p=1991"},"modified":"2023-08-30T11:11:46","modified_gmt":"2023-08-30T14:11:46","slug":"pavimentacao-drenante","status":"publish","type":"product","link":"https:\/\/belavistapremoldados.com.br\/novosite\/produto\/pavimentacao-drenante\/","title":{"rendered":"Pavimenta\u00e7\u00e3o Perme\u00e1vel (Drenante)"},"content":{"rendered":"","protected":false},"excerpt":{"rendered":"<p>Piso de concreto intertravado perme\u00e1vel, resist\u00eancia 20Mpa, fabricado conforme a ABNT NBR 16416:2015, para atendimento \u00e0s legisla\u00e7\u00f5es de \u00e1reas perme\u00e1veis. Fabricados em diferentes modelos e alturas, \u00e9 ideal para o cal\u00e7amento de pra\u00e7as, garagens, p\u00e1tios, dentre diversas outras \u00e1reas.<\/p>\n<p>Conforme ABNT 16416:2015 :<br \/>\n| <em>Altura 06cm : indicado para tr\u00e1fego de pedestres<\/em><br \/>\n| <em>Altura 08cm: indicado para tr\u00e1fego leve<\/em><\/p>\n<p>&nbsp;<\/p>\n<p>Modelos e alturas dispon\u00edveis:<br \/>\nPaviesse &#8211; 06 e 08cm | Retangular &#8211; 06 e 08cm | 16 Faces &#8211; 06 e 08cm | Bloquete &#8211; 08cm | Placa para Jardim &#8211; 06cm<\/p>\n<p><em>*Consultar disponibilidade de estoque.<\/em><\/p>\n","protected":false},"featured_media":1992,"template":"","meta":{"site-sidebar-layout":"default","site-content-layout":"default","ast-site-content-layout":"default","site-content-style":"default","site-sidebar-style":"default","ast-global-header-display":"","ast-banner-title-visibility":"","ast-main-header-display":"","ast-hfb-above-header-display":"","ast-hfb-below-header-display":"","ast-hfb-mobile-header-display":"","site-post-title":"","ast-breadcrumbs-content":"","ast-featured-img":"","footer-sml-layout":"","theme-transparent-header-meta":"default","adv-header-id-meta":"","stick-header-meta":"","header-above-stick-meta":"","header-main-stick-meta":"","header-below-stick-meta":"","astra-migrate-meta-layouts":"default","ast-page-background-enabled":"default","ast-page-background-meta":{"desktop":{"background-color":"","background-image":"","background-repeat":"repeat","background-position":"center center","background-size":"auto","background-attachment":"scroll","background-type":"","background-media":"","overlay-type":"","overlay-color":"","overlay-opacity":"","overlay-gradient":""},"tablet":{"background-color":"","background-image":"","background-repeat":"repeat","background-position":"center center","background-size":"auto","background-attachment":"scroll","background-type":"","background-media":"","overlay-type":"","overlay-color":"","overlay-opacity":"","overlay-gradient":""},"mobile":{"background-color":"","background-image":"","background-repeat":"repeat","background-position":"center center","background-size":"auto","background-attachment":"scroll","background-type":"","background-media":"","overlay-type":"","overlay-color":"","overlay-opacity":"","overlay-gradient":""}},"ast-content-background-meta":{"desktop":{"background-color":"var(--ast-global-color-5)","background-image":"","background-repeat":"repeat","background-position":"center center","background-size":"auto","background-attachment":"scroll","background-type":"","background-media":"","overlay-type":"","overlay-color":"","overlay-opacity":"","overlay-gradient":""},"tablet":{"background-color":"var(--ast-global-color-5)","background-image":"","background-repeat":"repeat","background-position":"center center","background-size":"auto","background-attachment":"scroll","background-type":"","background-media":"","overlay-type":"","overlay-color":"","overlay-opacity":"","overlay-gradient":""},"mobile":{"background-color":"var(--ast-global-color-5)","background-image":"","background-repeat":"repeat","background-position":"center center","background-size":"auto","background-attachment":"scroll","background-type":"","background-media":"","overlay-type":"","overlay-color":"","overlay-opacity":"","overlay-gradient":""}}},"product_brand":[],"product_cat":[20],"product_tag":[],"class_list":{"0":"post-1991","1":"product","2":"type-product","3":"status-publish","4":"has-post-thumbnail","6":"product_cat-pavimentacao","7":"desktop-align-left","8":"tablet-align-left","9":"mobile-align-left","11":"first","12":"instock","13":"shipping-taxable","14":"purchasable","15":"product-type-variable"},"_links":{"self":[{"href":"https:\/\/belavistapremoldados.com.br\/novosite\/wp-json\/wp\/v2\/product\/1991","targetHints":{"allow":["GET"]}}],"collection":[{"href":"https:\/\/belavistapremoldados.com.br\/novosite\/wp-json\/wp\/v2\/product"}],"about":[{"href":"https:\/\/belavistapremoldados.com.br\/novosite\/wp-json\/wp\/v2\/types\/product"}],"wp:featuredmedia":[{"embeddable":true,"href":"https:\/\/belavistapremoldados.com.br\/novosite\/wp-json\/wp\/v2\/media\/1992"}],"wp:attachment":[{"href":"https:\/\/belavistapremoldados.com.br\/novosite\/wp-json\/wp\/v2\/media?parent=1991"}],"wp:term":[{"taxonomy":"product_brand","embeddable":true,"href":"https:\/\/belavistapremoldados.com.br\/novosite\/wp-json\/wp\/v2\/product_brand?post=1991"},{"taxonomy":"product_cat","embeddable":true,"href":"https:\/\/belavistapremoldados.com.br\/novosite\/wp-json\/wp\/v2\/product_cat?post=1991"},{"taxonomy":"product_tag","embeddable":true,"href":"https:\/\/belavistapremoldados.com.br\/novosite\/wp-json\/wp\/v2\/product_tag?post=1991"}],"curies":[{"name":"wp","href":"https:\/\/api.w.org\/{rel}","templated":true}]}}